{"id":180,"date":"2025-02-06T08:49:47","date_gmt":"2025-02-06T08:49:47","guid":{"rendered":"https:\/\/spinbetter.lu\/fr\/?page_id=180"},"modified":"2025-04-14T12:10:55","modified_gmt":"2025-04-14T12:10:55","slug":"eroflueden","status":"publish","type":"page","link":"https:\/\/spinbetter.lu\/fr\/eroflueden\/","title":{"rendered":"T\u00e9l\u00e9charger"},"content":{"rendered":"","protected":false},"excerpt":{"rendered":"","protected":false},"author":1,"featured_media":0,"parent":0,"menu_order":0,"comment_status":"closed","ping_status":"closed","template":"","meta":{"footnotes":""},"class_list":["post-180","page","type-page","status-publish","hentry"],"yoast_head":"<!-- This site is optimized with the Yoast SEO plugin v24.3 - https:\/\/yoast.com\/wordpress\/plugins\/seo\/ -->\n<title>T\u00e9l\u00e9chargez SpinBetter &gt; Comp Focused Changed Must Bet Betting !<\/title>\n<meta name=\"description\" content=\"L&#039;application SpinBetter ouvre de nouvelles possibilit\u00e9s aux joueurs d\u00e9butants comme aux joueurs exp\u00e9riment\u00e9s. Alors t\u00e9l\u00e9chargez notre casino en ligne d\u00e8s aujourd&#039;hui et profitez du jeu !\" \/>\n<meta name=\"robots\" content=\"index, follow, max-snippet:-1, max-image-preview:large, max-video-preview:-1\" \/>\n<meta property=\"og:locale\" content=\"fr_FR\" \/>\n<meta property=\"og:type\" content=\"article\" \/>\n<meta property=\"og:title\" content=\"T\u00e9l\u00e9chargez SpinBetter &gt; Comp Focused Changed Must Bet Betting !\" \/>\n<meta property=\"og:description\" content=\"L&#039;application SpinBetter ouvre de nouvelles possibilit\u00e9s aux joueurs d\u00e9butants comme aux joueurs exp\u00e9riment\u00e9s. Alors t\u00e9l\u00e9chargez notre casino en ligne d\u00e8s aujourd&#039;hui et profitez du jeu !\" \/>\n<meta property=\"og:url\" content=\"https:\/\/spinbetter.lu\/fr\/eroflueden\/\" \/>\n<meta property=\"og:site_name\" content=\"SpinBetter.lu FR\" \/>\n<meta property=\"article:modified_time\" content=\"2025-04-14T12:10:55+00:00\" \/>\n<meta name=\"twitter:card\" content=\"summary_large_image\" \/>\n<script type=\"application\/ld+json\" class=\"yoast-schema-graph\">{\"@context\":\"https:\/\/schema.org\",\"@graph\":[{\"@type\":\"WebPage\",\"@id\":\"https:\/\/spinbetter.lu\/fr\/eroflueden\/\",\"url\":\"https:\/\/spinbetter.lu\/fr\/eroflueden\/\",\"name\":\"T\u00e9l\u00e9chargez SpinBetter > Comp Focused Changed Must Bet Betting !\",\"isPartOf\":{\"@id\":\"https:\/\/spinbetter.lu\/fr\/#website\"},\"datePublished\":\"2025-02-06T08:49:47+00:00\",\"dateModified\":\"2025-04-14T12:10:55+00:00\",\"description\":\"L'application SpinBetter ouvre de nouvelles possibilit\u00e9s aux joueurs d\u00e9butants comme aux joueurs exp\u00e9riment\u00e9s. Alors t\u00e9l\u00e9chargez notre casino en ligne d\u00e8s aujourd'hui et profitez du jeu !\",\"breadcrumb\":{\"@id\":\"https:\/\/spinbetter.lu\/fr\/eroflueden\/#breadcrumb\"},\"inLanguage\":\"fr-FR\",\"potentialAction\":[{\"@type\":\"ReadAction\",\"target\":[\"https:\/\/spinbetter.lu\/fr\/eroflueden\/\"]}]},{\"@type\":\"BreadcrumbList\",\"@id\":\"https:\/\/spinbetter.lu\/fr\/eroflueden\/#breadcrumb\",\"itemListElement\":[{\"@type\":\"ListItem\",\"position\":1,\"name\":\"\u0413\u043b\u0430\u0432\u043d\u0430\u044f \u0441\u0442\u0440\u0430\u043d\u0438\u0446\u0430\",\"item\":\"https:\/\/spinbetter.lu\/fr\/\"},{\"@type\":\"ListItem\",\"position\":2,\"name\":\"T\u00e9l\u00e9charger\"}]},{\"@type\":\"WebSite\",\"@id\":\"https:\/\/spinbetter.lu\/fr\/#website\",\"url\":\"https:\/\/spinbetter.lu\/fr\/\",\"name\":\"SpinBetter.lu FR\",\"description\":\"My WordPress Blog\",\"potentialAction\":[{\"@type\":\"SearchAction\",\"target\":{\"@type\":\"EntryPoint\",\"urlTemplate\":\"https:\/\/spinbetter.lu\/fr\/?s={search_term_string}\"},\"query-input\":{\"@type\":\"PropertyValueSpecification\",\"valueRequired\":true,\"valueName\":\"search_term_string\"}}],\"inLanguage\":\"fr-FR\"}]}<\/script>\n<!-- \/ Yoast SEO plugin. -->","yoast_head_json":{"title":"T\u00e9l\u00e9chargez SpinBetter > Comp Focused Changed Must Bet Betting !","description":"L'application SpinBetter ouvre de nouvelles possibilit\u00e9s aux joueurs d\u00e9butants comme aux joueurs exp\u00e9riment\u00e9s. Alors t\u00e9l\u00e9chargez notre casino en ligne d\u00e8s aujourd'hui et profitez du jeu !","robots":{"index":"index","follow":"follow","max-snippet":"max-snippet:-1","max-image-preview":"max-image-preview:large","max-video-preview":"max-video-preview:-1"},"og_locale":"fr_FR","og_type":"article","og_title":"T\u00e9l\u00e9chargez SpinBetter > Comp Focused Changed Must Bet Betting !","og_description":"L'application SpinBetter ouvre de nouvelles possibilit\u00e9s aux joueurs d\u00e9butants comme aux joueurs exp\u00e9riment\u00e9s. Alors t\u00e9l\u00e9chargez notre casino en ligne d\u00e8s aujourd'hui et profitez du jeu !","og_url":"https:\/\/spinbetter.lu\/fr\/eroflueden\/","og_site_name":"SpinBetter.lu FR","article_modified_time":"2025-04-14T12:10:55+00:00","twitter_card":"summary_large_image","schema":{"@context":"https:\/\/schema.org","@graph":[{"@type":"WebPage","@id":"https:\/\/spinbetter.lu\/fr\/eroflueden\/","url":"https:\/\/spinbetter.lu\/fr\/eroflueden\/","name":"T\u00e9l\u00e9chargez SpinBetter > Comp Focused Changed Must Bet Betting !","isPartOf":{"@id":"https:\/\/spinbetter.lu\/fr\/#website"},"datePublished":"2025-02-06T08:49:47+00:00","dateModified":"2025-04-14T12:10:55+00:00","description":"L'application SpinBetter ouvre de nouvelles possibilit\u00e9s aux joueurs d\u00e9butants comme aux joueurs exp\u00e9riment\u00e9s. Alors t\u00e9l\u00e9chargez notre casino en ligne d\u00e8s aujourd'hui et profitez du jeu !","breadcrumb":{"@id":"https:\/\/spinbetter.lu\/fr\/eroflueden\/#breadcrumb"},"inLanguage":"fr-FR","potentialAction":[{"@type":"ReadAction","target":["https:\/\/spinbetter.lu\/fr\/eroflueden\/"]}]},{"@type":"BreadcrumbList","@id":"https:\/\/spinbetter.lu\/fr\/eroflueden\/#breadcrumb","itemListElement":[{"@type":"ListItem","position":1,"name":"\u0413\u043b\u0430\u0432\u043d\u0430\u044f \u0441\u0442\u0440\u0430\u043d\u0438\u0446\u0430","item":"https:\/\/spinbetter.lu\/fr\/"},{"@type":"ListItem","position":2,"name":"T\u00e9l\u00e9charger"}]},{"@type":"WebSite","@id":"https:\/\/spinbetter.lu\/fr\/#website","url":"https:\/\/spinbetter.lu\/fr\/","name":"SpinBetter.lu FR","description":"My WordPress Blog","potentialAction":[{"@type":"SearchAction","target":{"@type":"EntryPoint","urlTemplate":"https:\/\/spinbetter.lu\/fr\/?s={search_term_string}"},"query-input":{"@type":"PropertyValueSpecification","valueRequired":true,"valueName":"search_term_string"}}],"inLanguage":"fr-FR"}]}},"_links":{"self":[{"href":"https:\/\/spinbetter.lu\/fr\/wp-json\/wp\/v2\/pages\/180","targetHints":{"allow":["GET"]}}],"collection":[{"href":"https:\/\/spinbetter.lu\/fr\/wp-json\/wp\/v2\/pages"}],"about":[{"href":"https:\/\/spinbetter.lu\/fr\/wp-json\/wp\/v2\/types\/page"}],"author":[{"embeddable":true,"href":"https:\/\/spinbetter.lu\/fr\/wp-json\/wp\/v2\/users\/1"}],"replies":[{"embeddable":true,"href":"https:\/\/spinbetter.lu\/fr\/wp-json\/wp\/v2\/comments?post=180"}],"version-history":[{"count":10,"href":"https:\/\/spinbetter.lu\/fr\/wp-json\/wp\/v2\/pages\/180\/revisions"}],"predecessor-version":[{"id":291,"href":"https:\/\/spinbetter.lu\/fr\/wp-json\/wp\/v2\/pages\/180\/revisions\/291"}],"wp:attachment":[{"href":"https:\/\/spinbetter.lu\/fr\/wp-json\/wp\/v2\/media?parent=180"}],"curies":[{"name":"wp","href":"https:\/\/api.w.org\/{rel}","templated":true}]}}