{"id":180,"date":"2025-02-06T08:49:47","date_gmt":"2025-02-06T08:49:47","guid":{"rendered":"https:\/\/spinbetter.lu\/de\/?page_id=180"},"modified":"2025-04-09T11:10:19","modified_gmt":"2025-04-09T11:10:19","slug":"eroflueden","status":"publish","type":"page","link":"https:\/\/spinbetter.lu\/de\/eroflueden\/","title":{"rendered":"Herunterladen"},"content":{"rendered":"","protected":false},"excerpt":{"rendered":"","protected":false},"author":1,"featured_media":0,"parent":0,"menu_order":0,"comment_status":"closed","ping_status":"closed","template":"","meta":{"footnotes":""},"class_list":["post-180","page","type-page","status-publish","hentry"],"yoast_head":"<!-- This site is optimized with the Yoast SEO plugin v24.3 - https:\/\/yoast.com\/wordpress\/plugins\/seo\/ -->\n<title>Laden Sie SpinBetter herunter &gt; Comp Focused Changed Must Bet Betting!<\/title>\n<meta name=\"description\" content=\"Die SpinBetter-App er\u00f6ffnet sowohl Anf\u00e4ngern als auch erfahrenen Spielern neue M\u00f6glichkeiten. Laden Sie also noch heute unser Online-Casino herunter und genie\u00dfen Sie das Spiel!\" \/>\n<meta name=\"robots\" content=\"index, follow, max-snippet:-1, max-image-preview:large, max-video-preview:-1\" \/>\n<meta property=\"og:locale\" content=\"de_DE\" \/>\n<meta property=\"og:type\" content=\"article\" \/>\n<meta property=\"og:title\" content=\"Laden Sie SpinBetter herunter &gt; Comp Focused Changed Must Bet Betting!\" \/>\n<meta property=\"og:description\" content=\"Die SpinBetter-App er\u00f6ffnet sowohl Anf\u00e4ngern als auch erfahrenen Spielern neue M\u00f6glichkeiten. Laden Sie also noch heute unser Online-Casino herunter und genie\u00dfen Sie das Spiel!\" \/>\n<meta property=\"og:url\" content=\"https:\/\/spinbetter.lu\/de\/eroflueden\/\" \/>\n<meta property=\"og:site_name\" content=\"SpinBetter.lu DE\" \/>\n<meta property=\"article:modified_time\" content=\"2025-04-09T11:10:19+00:00\" \/>\n<meta name=\"twitter:card\" content=\"summary_large_image\" \/>\n<script type=\"application\/ld+json\" class=\"yoast-schema-graph\">{\"@context\":\"https:\/\/schema.org\",\"@graph\":[{\"@type\":\"WebPage\",\"@id\":\"https:\/\/spinbetter.lu\/de\/eroflueden\/\",\"url\":\"https:\/\/spinbetter.lu\/de\/eroflueden\/\",\"name\":\"Laden Sie SpinBetter herunter > Comp Focused Changed Must Bet Betting!\",\"isPartOf\":{\"@id\":\"https:\/\/spinbetter.lu\/de\/#website\"},\"datePublished\":\"2025-02-06T08:49:47+00:00\",\"dateModified\":\"2025-04-09T11:10:19+00:00\",\"description\":\"Die SpinBetter-App er\u00f6ffnet sowohl Anf\u00e4ngern als auch erfahrenen Spielern neue M\u00f6glichkeiten. Laden Sie also noch heute unser Online-Casino herunter und genie\u00dfen Sie das Spiel!\",\"breadcrumb\":{\"@id\":\"https:\/\/spinbetter.lu\/de\/eroflueden\/#breadcrumb\"},\"inLanguage\":\"de\",\"potentialAction\":[{\"@type\":\"ReadAction\",\"target\":[\"https:\/\/spinbetter.lu\/de\/eroflueden\/\"]}]},{\"@type\":\"BreadcrumbList\",\"@id\":\"https:\/\/spinbetter.lu\/de\/eroflueden\/#breadcrumb\",\"itemListElement\":[{\"@type\":\"ListItem\",\"position\":1,\"name\":\"\u0413\u043b\u0430\u0432\u043d\u0430\u044f \u0441\u0442\u0440\u0430\u043d\u0438\u0446\u0430\",\"item\":\"https:\/\/spinbetter.lu\/de\/\"},{\"@type\":\"ListItem\",\"position\":2,\"name\":\"Herunterladen\"}]},{\"@type\":\"WebSite\",\"@id\":\"https:\/\/spinbetter.lu\/de\/#website\",\"url\":\"https:\/\/spinbetter.lu\/de\/\",\"name\":\"SpinBetter.lu DE\",\"description\":\"My WordPress Blog\",\"potentialAction\":[{\"@type\":\"SearchAction\",\"target\":{\"@type\":\"EntryPoint\",\"urlTemplate\":\"https:\/\/spinbetter.lu\/de\/?s={search_term_string}\"},\"query-input\":{\"@type\":\"PropertyValueSpecification\",\"valueRequired\":true,\"valueName\":\"search_term_string\"}}],\"inLanguage\":\"de\"}]}<\/script>\n<!-- \/ Yoast SEO plugin. -->","yoast_head_json":{"title":"Laden Sie SpinBetter herunter > Comp Focused Changed Must Bet Betting!","description":"Die SpinBetter-App er\u00f6ffnet sowohl Anf\u00e4ngern als auch erfahrenen Spielern neue M\u00f6glichkeiten. Laden Sie also noch heute unser Online-Casino herunter und genie\u00dfen Sie das Spiel!","robots":{"index":"index","follow":"follow","max-snippet":"max-snippet:-1","max-image-preview":"max-image-preview:large","max-video-preview":"max-video-preview:-1"},"og_locale":"de_DE","og_type":"article","og_title":"Laden Sie SpinBetter herunter > Comp Focused Changed Must Bet Betting!","og_description":"Die SpinBetter-App er\u00f6ffnet sowohl Anf\u00e4ngern als auch erfahrenen Spielern neue M\u00f6glichkeiten. Laden Sie also noch heute unser Online-Casino herunter und genie\u00dfen Sie das Spiel!","og_url":"https:\/\/spinbetter.lu\/de\/eroflueden\/","og_site_name":"SpinBetter.lu DE","article_modified_time":"2025-04-09T11:10:19+00:00","twitter_card":"summary_large_image","schema":{"@context":"https:\/\/schema.org","@graph":[{"@type":"WebPage","@id":"https:\/\/spinbetter.lu\/de\/eroflueden\/","url":"https:\/\/spinbetter.lu\/de\/eroflueden\/","name":"Laden Sie SpinBetter herunter > Comp Focused Changed Must Bet Betting!","isPartOf":{"@id":"https:\/\/spinbetter.lu\/de\/#website"},"datePublished":"2025-02-06T08:49:47+00:00","dateModified":"2025-04-09T11:10:19+00:00","description":"Die SpinBetter-App er\u00f6ffnet sowohl Anf\u00e4ngern als auch erfahrenen Spielern neue M\u00f6glichkeiten. Laden Sie also noch heute unser Online-Casino herunter und genie\u00dfen Sie das Spiel!","breadcrumb":{"@id":"https:\/\/spinbetter.lu\/de\/eroflueden\/#breadcrumb"},"inLanguage":"de","potentialAction":[{"@type":"ReadAction","target":["https:\/\/spinbetter.lu\/de\/eroflueden\/"]}]},{"@type":"BreadcrumbList","@id":"https:\/\/spinbetter.lu\/de\/eroflueden\/#breadcrumb","itemListElement":[{"@type":"ListItem","position":1,"name":"\u0413\u043b\u0430\u0432\u043d\u0430\u044f \u0441\u0442\u0440\u0430\u043d\u0438\u0446\u0430","item":"https:\/\/spinbetter.lu\/de\/"},{"@type":"ListItem","position":2,"name":"Herunterladen"}]},{"@type":"WebSite","@id":"https:\/\/spinbetter.lu\/de\/#website","url":"https:\/\/spinbetter.lu\/de\/","name":"SpinBetter.lu DE","description":"My WordPress Blog","potentialAction":[{"@type":"SearchAction","target":{"@type":"EntryPoint","urlTemplate":"https:\/\/spinbetter.lu\/de\/?s={search_term_string}"},"query-input":{"@type":"PropertyValueSpecification","valueRequired":true,"valueName":"search_term_string"}}],"inLanguage":"de"}]}},"_links":{"self":[{"href":"https:\/\/spinbetter.lu\/de\/wp-json\/wp\/v2\/pages\/180","targetHints":{"allow":["GET"]}}],"collection":[{"href":"https:\/\/spinbetter.lu\/de\/wp-json\/wp\/v2\/pages"}],"about":[{"href":"https:\/\/spinbetter.lu\/de\/wp-json\/wp\/v2\/types\/page"}],"author":[{"embeddable":true,"href":"https:\/\/spinbetter.lu\/de\/wp-json\/wp\/v2\/users\/1"}],"replies":[{"embeddable":true,"href":"https:\/\/spinbetter.lu\/de\/wp-json\/wp\/v2\/comments?post=180"}],"version-history":[{"count":7,"href":"https:\/\/spinbetter.lu\/de\/wp-json\/wp\/v2\/pages\/180\/revisions"}],"predecessor-version":[{"id":270,"href":"https:\/\/spinbetter.lu\/de\/wp-json\/wp\/v2\/pages\/180\/revisions\/270"}],"wp:attachment":[{"href":"https:\/\/spinbetter.lu\/de\/wp-json\/wp\/v2\/media?parent=180"}],"curies":[{"name":"wp","href":"https:\/\/api.w.org\/{rel}","templated":true}]}}