{"id":166,"date":"2025-02-04T12:54:40","date_gmt":"2025-02-04T12:54:40","guid":{"rendered":"https:\/\/spinbetter.lu\/de\/?page_id=166"},"modified":"2025-04-09T11:12:49","modified_gmt":"2025-04-09T11:12:49","slug":"casino","status":"publish","type":"page","link":"https:\/\/spinbetter.lu\/de\/casino\/","title":{"rendered":"Kasino"},"content":{"rendered":"","protected":false},"excerpt":{"rendered":"","protected":false},"author":1,"featured_media":0,"parent":0,"menu_order":0,"comment_status":"closed","ping_status":"closed","template":"","meta":{"footnotes":""},"class_list":["post-166","page","type-page","status-publish","hentry"],"yoast_head":"<!-- This site is optimized with the Yoast SEO plugin v24.3 - https:\/\/yoast.com\/wordpress\/plugins\/seo\/ -->\n<title>Casino SpinBetter &gt; Comp-fokussierte, ge\u00e4nderte Must-Bet-Wetten!<\/title>\n<meta name=\"description\" content=\"Mit Spin Better Casino k\u00f6nnen Sie Geld verdienen! Probieren Sie Spielautomaten, Baccarat oder Blackjack aus, wir haben Unterhaltung f\u00fcr jeden!\" \/>\n<meta name=\"robots\" content=\"index, follow, max-snippet:-1, max-image-preview:large, max-video-preview:-1\" \/>\n<meta property=\"og:locale\" content=\"de_DE\" \/>\n<meta property=\"og:type\" content=\"article\" \/>\n<meta property=\"og:title\" content=\"Casino SpinBetter &gt; Comp-fokussierte, ge\u00e4nderte Must-Bet-Wetten!\" \/>\n<meta property=\"og:description\" content=\"Mit Spin Better Casino k\u00f6nnen Sie Geld verdienen! Probieren Sie Spielautomaten, Baccarat oder Blackjack aus, wir haben Unterhaltung f\u00fcr jeden!\" \/>\n<meta property=\"og:url\" content=\"https:\/\/spinbetter.lu\/de\/casino\/\" \/>\n<meta property=\"og:site_name\" content=\"SpinBetter.lu DE\" \/>\n<meta property=\"article:modified_time\" content=\"2025-04-09T11:12:49+00:00\" \/>\n<meta name=\"twitter:card\" content=\"summary_large_image\" \/>\n<script type=\"application\/ld+json\" class=\"yoast-schema-graph\">{\"@context\":\"https:\/\/schema.org\",\"@graph\":[{\"@type\":\"WebPage\",\"@id\":\"https:\/\/spinbetter.lu\/de\/casino\/\",\"url\":\"https:\/\/spinbetter.lu\/de\/casino\/\",\"name\":\"Casino SpinBetter > Comp-fokussierte, ge\u00e4nderte Must-Bet-Wetten!\",\"isPartOf\":{\"@id\":\"https:\/\/spinbetter.lu\/de\/#website\"},\"datePublished\":\"2025-02-04T12:54:40+00:00\",\"dateModified\":\"2025-04-09T11:12:49+00:00\",\"description\":\"Mit Spin Better Casino k\u00f6nnen Sie Geld verdienen! Probieren Sie Spielautomaten, Baccarat oder Blackjack aus, wir haben Unterhaltung f\u00fcr jeden!\",\"breadcrumb\":{\"@id\":\"https:\/\/spinbetter.lu\/de\/casino\/#breadcrumb\"},\"inLanguage\":\"de\",\"potentialAction\":[{\"@type\":\"ReadAction\",\"target\":[\"https:\/\/spinbetter.lu\/de\/casino\/\"]}]},{\"@type\":\"BreadcrumbList\",\"@id\":\"https:\/\/spinbetter.lu\/de\/casino\/#breadcrumb\",\"itemListElement\":[{\"@type\":\"ListItem\",\"position\":1,\"name\":\"\u0413\u043b\u0430\u0432\u043d\u0430\u044f \u0441\u0442\u0440\u0430\u043d\u0438\u0446\u0430\",\"item\":\"https:\/\/spinbetter.lu\/de\/\"},{\"@type\":\"ListItem\",\"position\":2,\"name\":\"Kasino\"}]},{\"@type\":\"WebSite\",\"@id\":\"https:\/\/spinbetter.lu\/de\/#website\",\"url\":\"https:\/\/spinbetter.lu\/de\/\",\"name\":\"SpinBetter.lu DE\",\"description\":\"My WordPress Blog\",\"potentialAction\":[{\"@type\":\"SearchAction\",\"target\":{\"@type\":\"EntryPoint\",\"urlTemplate\":\"https:\/\/spinbetter.lu\/de\/?s={search_term_string}\"},\"query-input\":{\"@type\":\"PropertyValueSpecification\",\"valueRequired\":true,\"valueName\":\"search_term_string\"}}],\"inLanguage\":\"de\"}]}<\/script>\n<!-- \/ Yoast SEO plugin. -->","yoast_head_json":{"title":"Casino SpinBetter > Comp-fokussierte, ge\u00e4nderte Must-Bet-Wetten!","description":"Mit Spin Better Casino k\u00f6nnen Sie Geld verdienen! Probieren Sie Spielautomaten, Baccarat oder Blackjack aus, wir haben Unterhaltung f\u00fcr jeden!","robots":{"index":"index","follow":"follow","max-snippet":"max-snippet:-1","max-image-preview":"max-image-preview:large","max-video-preview":"max-video-preview:-1"},"og_locale":"de_DE","og_type":"article","og_title":"Casino SpinBetter > Comp-fokussierte, ge\u00e4nderte Must-Bet-Wetten!","og_description":"Mit Spin Better Casino k\u00f6nnen Sie Geld verdienen! Probieren Sie Spielautomaten, Baccarat oder Blackjack aus, wir haben Unterhaltung f\u00fcr jeden!","og_url":"https:\/\/spinbetter.lu\/de\/casino\/","og_site_name":"SpinBetter.lu DE","article_modified_time":"2025-04-09T11:12:49+00:00","twitter_card":"summary_large_image","schema":{"@context":"https:\/\/schema.org","@graph":[{"@type":"WebPage","@id":"https:\/\/spinbetter.lu\/de\/casino\/","url":"https:\/\/spinbetter.lu\/de\/casino\/","name":"Casino SpinBetter > Comp-fokussierte, ge\u00e4nderte Must-Bet-Wetten!","isPartOf":{"@id":"https:\/\/spinbetter.lu\/de\/#website"},"datePublished":"2025-02-04T12:54:40+00:00","dateModified":"2025-04-09T11:12:49+00:00","description":"Mit Spin Better Casino k\u00f6nnen Sie Geld verdienen! Probieren Sie Spielautomaten, Baccarat oder Blackjack aus, wir haben Unterhaltung f\u00fcr jeden!","breadcrumb":{"@id":"https:\/\/spinbetter.lu\/de\/casino\/#breadcrumb"},"inLanguage":"de","potentialAction":[{"@type":"ReadAction","target":["https:\/\/spinbetter.lu\/de\/casino\/"]}]},{"@type":"BreadcrumbList","@id":"https:\/\/spinbetter.lu\/de\/casino\/#breadcrumb","itemListElement":[{"@type":"ListItem","position":1,"name":"\u0413\u043b\u0430\u0432\u043d\u0430\u044f \u0441\u0442\u0440\u0430\u043d\u0438\u0446\u0430","item":"https:\/\/spinbetter.lu\/de\/"},{"@type":"ListItem","position":2,"name":"Kasino"}]},{"@type":"WebSite","@id":"https:\/\/spinbetter.lu\/de\/#website","url":"https:\/\/spinbetter.lu\/de\/","name":"SpinBetter.lu DE","description":"My WordPress Blog","potentialAction":[{"@type":"SearchAction","target":{"@type":"EntryPoint","urlTemplate":"https:\/\/spinbetter.lu\/de\/?s={search_term_string}"},"query-input":{"@type":"PropertyValueSpecification","valueRequired":true,"valueName":"search_term_string"}}],"inLanguage":"de"}]}},"_links":{"self":[{"href":"https:\/\/spinbetter.lu\/de\/wp-json\/wp\/v2\/pages\/166","targetHints":{"allow":["GET"]}}],"collection":[{"href":"https:\/\/spinbetter.lu\/de\/wp-json\/wp\/v2\/pages"}],"about":[{"href":"https:\/\/spinbetter.lu\/de\/wp-json\/wp\/v2\/types\/page"}],"author":[{"embeddable":true,"href":"https:\/\/spinbetter.lu\/de\/wp-json\/wp\/v2\/users\/1"}],"replies":[{"embeddable":true,"href":"https:\/\/spinbetter.lu\/de\/wp-json\/wp\/v2\/comments?post=166"}],"version-history":[{"count":8,"href":"https:\/\/spinbetter.lu\/de\/wp-json\/wp\/v2\/pages\/166\/revisions"}],"predecessor-version":[{"id":271,"href":"https:\/\/spinbetter.lu\/de\/wp-json\/wp\/v2\/pages\/166\/revisions\/271"}],"wp:attachment":[{"href":"https:\/\/spinbetter.lu\/de\/wp-json\/wp\/v2\/media?parent=166"}],"curies":[{"name":"wp","href":"https:\/\/api.w.org\/{rel}","templated":true}]}}